{"id":132,"date":"2010-04-29T14:05:02","date_gmt":"2010-04-29T12:05:02","guid":{"rendered":"http:\/\/alejandroylla.com\/?page_id=132"},"modified":"2010-04-30T18:35:54","modified_gmt":"2010-04-30T16:35:54","slug":"sobre-este-blog","status":"publish","type":"page","link":"https:\/\/alejandroylla.com\/?page_id=132","title":{"rendered":"Sobre este blog"},"content":{"rendered":"<p>Este blog gira alrededor del tema que es mi profesi\u00f3n, mi hobby y mi pasi\u00f3n: el management. En \u00e9l encontrar\u00e1s opiniones, art\u00edculos y metodolog\u00edas, as\u00ed como res\u00famenes de discusiones llevadas a cabo con alumnos m\u00edos de diferentes MBAs en los que tengo la suerte de poder aprender cada d\u00eda algo nuevo. El blog pretende compartir y divulgar informaci\u00f3n y experiencias, as\u00ed como metodolog\u00edas y herramientas relacionadas con c\u00f3mo definir e implantar la Estrategia a trav\u00e9s de Cuadros de Mando de Indicadores, la Gesti\u00f3n por Procesos, as\u00ed como la Medici\u00f3n y Mejora de la Satisfacci\u00f3n de los Clientes.<\/p>\n","protected":false},"excerpt":{"rendered":"<p>Este blog gira alrededor del tema que es mi profesi\u00f3n, mi hobby y mi pasi\u00f3n: el management. En \u00e9l encontrar\u00e1s opiniones, art\u00edculos y metodolog\u00edas, as\u00ed como res\u00famenes de discusiones llevadas a cabo con alumnos m\u00edos de diferentes MBAs en los que tengo la suerte de poder aprender cada d\u00eda algo nuevo. El blog pretende compartir [&hellip;]<\/p>\n","protected":false},"author":2,"featured_media":0,"parent":0,"menu_order":0,"comment_status":"closed","ping_status":"closed","template":"","meta":{"footnotes":""},"class_list":["post-132","page","type-page","status-publish","hentry"],"_links":{"self":[{"href":"https:\/\/alejandroylla.com\/index.php?rest_route=\/wp\/v2\/pages\/132","targetHints":{"allow":["GET"]}}],"collection":[{"href":"https:\/\/alejandroylla.com\/index.php?rest_route=\/wp\/v2\/pages"}],"about":[{"href":"https:\/\/alejandroylla.com\/index.php?rest_route=\/wp\/v2\/types\/page"}],"author":[{"embeddable":true,"href":"https:\/\/alejandroylla.com\/index.php?rest_route=\/wp\/v2\/users\/2"}],"replies":[{"embeddable":true,"href":"https:\/\/alejandroylla.com\/index.php?rest_route=%2Fwp%2Fv2%2Fcomments&post=132"}],"version-history":[{"count":2,"href":"https:\/\/alejandroylla.com\/index.php?rest_route=\/wp\/v2\/pages\/132\/revisions"}],"predecessor-version":[{"id":144,"href":"https:\/\/alejandroylla.com\/index.php?rest_route=\/wp\/v2\/pages\/132\/revisions\/144"}],"wp:attachment":[{"href":"https:\/\/alejandroylla.com\/index.php?rest_route=%2Fwp%2Fv2%2Fmedia&parent=132"}],"curies":[{"name":"wp","href":"https:\/\/api.w.org\/{rel}","templated":true}]}}