{"id":135,"date":"2010-04-29T14:06:31","date_gmt":"2010-04-29T12:06:31","guid":{"rendered":"http:\/\/alejandroylla.com\/?page_id=135"},"modified":"2016-07-29T15:41:47","modified_gmt":"2016-07-29T13:41:47","slug":"conferencias","status":"publish","type":"page","link":"https:\/\/alejandroylla.com\/?page_id=135","title":{"rendered":"Conferencias"},"content":{"rendered":"<p><strong>Compartir, divulgar, ense\u00f1ar, inspirar\u2026<\/strong><\/p>\n<p>Alejandro Ylla realiza todo tipo de actividades relacionadas con la expansi\u00f3n de las ideas sobre c\u00f3mo dise\u00f1ar e implantar la Estrategia a trav\u00e9s de Cuadros de Mando de Indicadores, la Gesti\u00f3n por Procesos (con el doble objetivo de lograr reducir costes e incrementar la orientaci\u00f3n de las empresas a sus clientes), as\u00ed como la Medici\u00f3n y Mejora de la Satisfacci\u00f3n de los Clientes. Puede desarrollar clases, sesiones informativas, eventos, workshops, etc., siempre personalizando el formato y el contenido con respecto a la necesidad concreta que exista.<\/p>\n<p>Si te interesa obtener m\u00e1s informaci\u00f3n al respecto utiliza el apartado \u201cContacta\u201d del blog para solicitarla.<\/p>\n<p>Muchas gracias.<\/p>\n","protected":false},"excerpt":{"rendered":"<p>Compartir, divulgar, ense\u00f1ar, inspirar\u2026 Alejandro Ylla realiza todo tipo de actividades relacionadas con la expansi\u00f3n de las ideas sobre c\u00f3mo dise\u00f1ar e implantar la Estrategia a trav\u00e9s de Cuadros de Mando de Indicadores, la Gesti\u00f3n por Procesos (con el doble objetivo de lograr reducir costes e incrementar la orientaci\u00f3n de las empresas a sus clientes), [&hellip;]<\/p>\n","protected":false},"author":2,"featured_media":0,"parent":0,"menu_order":0,"comment_status":"closed","ping_status":"closed","template":"","meta":{"footnotes":""},"class_list":["post-135","page","type-page","status-publish","hentry"],"_links":{"self":[{"href":"https:\/\/alejandroylla.com\/index.php?rest_route=\/wp\/v2\/pages\/135","targetHints":{"allow":["GET"]}}],"collection":[{"href":"https:\/\/alejandroylla.com\/index.php?rest_route=\/wp\/v2\/pages"}],"about":[{"href":"https:\/\/alejandroylla.com\/index.php?rest_route=\/wp\/v2\/types\/page"}],"author":[{"embeddable":true,"href":"https:\/\/alejandroylla.com\/index.php?rest_route=\/wp\/v2\/users\/2"}],"replies":[{"embeddable":true,"href":"https:\/\/alejandroylla.com\/index.php?rest_route=%2Fwp%2Fv2%2Fcomments&post=135"}],"version-history":[{"count":14,"href":"https:\/\/alejandroylla.com\/index.php?rest_route=\/wp\/v2\/pages\/135\/revisions"}],"predecessor-version":[{"id":364,"href":"https:\/\/alejandroylla.com\/index.php?rest_route=\/wp\/v2\/pages\/135\/revisions\/364"}],"wp:attachment":[{"href":"https:\/\/alejandroylla.com\/index.php?rest_route=%2Fwp%2Fv2%2Fmedia&parent=135"}],"curies":[{"name":"wp","href":"https:\/\/api.w.org\/{rel}","templated":true}]}}