{"id":137,"date":"2010-04-29T14:07:28","date_gmt":"2010-04-29T12:07:28","guid":{"rendered":"http:\/\/alejandroylla.com\/?page_id=137"},"modified":"2010-05-02T19:09:15","modified_gmt":"2010-05-02T17:09:15","slug":"contacta","status":"publish","type":"page","link":"https:\/\/alejandroylla.com\/?page_id=137","title":{"rendered":"Contacta"},"content":{"rendered":"<p>Para contactar puedes dirigirte a: info.@alejandroylla.com (NOTA: eliminar el punto entre &#8220;info&#8221; y &#8220;@&#8221;. Dicho punto se ha colocado para evitar la captura autom\u00e1tica de la direcci\u00f3n correcta por parte de motores de b\u00fasqueda spam).<\/p>\n","protected":false},"excerpt":{"rendered":"<p>Para contactar puedes dirigirte a: info.@alejandroylla.com (NOTA: eliminar el punto entre &#8220;info&#8221; y &#8220;@&#8221;. Dicho punto se ha colocado para evitar la captura autom\u00e1tica de la direcci\u00f3n correcta por parte de motores de b\u00fasqueda spam).<\/p>\n","protected":false},"author":2,"featured_media":0,"parent":0,"menu_order":0,"comment_status":"closed","ping_status":"closed","template":"","meta":{"footnotes":""},"class_list":["post-137","page","type-page","status-publish","hentry"],"_links":{"self":[{"href":"https:\/\/alejandroylla.com\/index.php?rest_route=\/wp\/v2\/pages\/137","targetHints":{"allow":["GET"]}}],"collection":[{"href":"https:\/\/alejandroylla.com\/index.php?rest_route=\/wp\/v2\/pages"}],"about":[{"href":"https:\/\/alejandroylla.com\/index.php?rest_route=\/wp\/v2\/types\/page"}],"author":[{"embeddable":true,"href":"https:\/\/alejandroylla.com\/index.php?rest_route=\/wp\/v2\/users\/2"}],"replies":[{"embeddable":true,"href":"https:\/\/alejandroylla.com\/index.php?rest_route=%2Fwp%2Fv2%2Fcomments&post=137"}],"version-history":[{"count":6,"href":"https:\/\/alejandroylla.com\/index.php?rest_route=\/wp\/v2\/pages\/137\/revisions"}],"predecessor-version":[{"id":147,"href":"https:\/\/alejandroylla.com\/index.php?rest_route=\/wp\/v2\/pages\/137\/revisions\/147"}],"wp:attachment":[{"href":"https:\/\/alejandroylla.com\/index.php?rest_route=%2Fwp%2Fv2%2Fmedia&parent=137"}],"curies":[{"name":"wp","href":"https:\/\/api.w.org\/{rel}","templated":true}]}}