{"id":2,"date":"2009-08-05T10:12:32","date_gmt":"2009-08-05T08:12:32","guid":{"rendered":"http:\/\/alejandroylla.com\/?page_id=2"},"modified":"2016-07-26T18:54:56","modified_gmt":"2016-07-26T16:54:56","slug":"about","status":"publish","type":"page","link":"https:\/\/alejandroylla.com\/?page_id=2","title":{"rendered":"Curr\u00edculum"},"content":{"rendered":"<p>Licenciado en Administraci\u00f3n y Direcci\u00f3n de Empresas (ESADE). MBA en Administraci\u00f3n y Direcci\u00f3n de Empresas (ESADE).<\/p>\n<p>Es Socio-Director a nivel nacional de la Firma de consultor\u00eda Avantium Business Consulting. (2007-actualidad)<\/p>\n<p>Es miembro del Consejos de Administraci\u00f3n de varias peque\u00f1as y medianas empresas.<\/p>\n<p>Ha sido Socio-Director a nivel nacional de la divisi\u00f3n de consultor\u00eda de negocio de Grant Thornton. (1998-2007)<\/p>\n<p>Ha sido Directivo de las filiales en Espa\u00f1a de la Multinacional alemana Phoenix (ahora Continental). (1994-1998)<\/p>\n<p>Ha desarrollado proyectos de asesoramiento en empresas multinacionales, PYMES y empresas familiares. Entre otras compa\u00f1\u00edas, ha asesorado \/ asesora a: Abertis Autopistas Espa\u00f1a, ACCI\u00d3, Airpharm, Almirall, Air-Val, Audi, Ayuntamiento de Madrid, Bankinter, Barcelona City Tour, Caf Signalling, Casino de Barcelona, Caf\u00e9s Novell, Cooperativa Plana de Vic, Deutsche Bank, EGISA, FGC (Ferrocarrils de la Generalitat de Catalunya), Fluidra, FSC Inserta (Fundaci\u00f3n ONCE), GAES, Gas Natural Fenosa, Girbau, Grupo Algeposa, Grup Peralada, Grupo Solvay Pharma, Inter Partner Assistance (AXA), IRTA, Kao Corporation, Kemira Ib\u00e9rica, La Fageda, Laboratorios Leti, L\u00ednea Madrid, Nissan Motor Espa\u00f1a, Mapex, Puig, PGC Consumer Products, Puerto de Pasajes, Puratos, Restaurantes Viena, Ricoh Espa\u00f1a, SAICA, SEAT, Select Service Partners, St. Paul\u2019s School, Sten, Suara, Tabandor (Japan Tobacco International), TMB, Tourline Express, Transcoma, Uralita, Ursa, Vandemoortele, Villeroy &amp; Boch, Volkswagen, Vueling, Zurich, etc.<\/p>\n<p>Es asesor de la alta direcci\u00f3n en la implantaci\u00f3n de la estrategia mediante cuadros de mando, en la transformaci\u00f3n de las organizaciones hacia un enfoque por procesos y en la mejora de procesos a trav\u00e9s de indicadores internos (indicadores de actuaci\u00f3n) y externos (indicadores de percepci\u00f3n \/ satisfacci\u00f3n de clientes) y de la competencia (benchmarking).<\/p>\n<p>Desde el a\u00f1o 1996 es profesor colaborador del Departamento de Operaciones, Innovaci\u00f3n y Data Sciences\u00a0de ESADE. Actualmente imparte sesiones de su \u00e1rea de conocimiento en las asignaturas \u201cCompetir desde Operaciones\u201d (Executive MBA, PMD, Promociona y en otros programas, as\u00ed como en programas in company).<\/p>\n<p>Desde el a\u00f1o 2012 es consultor homologado por ACCI\u00d3 (Generalitat de Catalunya) para asesorar en proyectos de Estrategia.<\/p>\n<p>Ha sido profesor colaborador de la Escuela Superior de Comercio Internacional (ESCI), impartiendo la asignatura \u201cSistemas de Informaci\u00f3n para la Direcci\u00f3n: Cuadro de Mando de Indicadores\u201d (2001-2012).<\/p>\n<p>Ha sido profesor invitado de la Universidad de Navarra, impartiendo cursos sobre \u201cMejora continua\u201d en San Sebasti\u00e1n y Pamplona.<\/p>\n<p>Es ponente habitual en conferencias y congresos relacionados con Planificaci\u00f3n Estrat\u00e9gica, Cuadros de Mando de Indicadores, Gesti\u00f3n por Procesos y Medici\u00f3n de la Satisfacci\u00f3n de Clientes. Es autor de diversos art\u00edculos publicados en revistas especializadas en temas de Cuadros de Mando de Indicadores, Gesti\u00f3n por Procesos, Organizaci\u00f3n, Calidad y Excelencia. Ha participado y participa en programas de radio.<\/p>\n<p>Desde el a\u00f1o 2009 es miembro del C\u00edrculo de Econom\u00eda.<\/p>\n<p>Desde el a\u00f1o 2008 es miembro de la AIJEC (Asociaci\u00f3n Independiente de J\u00f3venes Empresarios de Catalunya). Ha sido miembro de la Comisi\u00f3n Ejecutiva y la Junta Directiva de la AIJEC (2008-2012). Ha sido Tesorero de la Comisi\u00f3n Ejecutiva de la AIJEC (2010-2012).<\/p>\n<p>Ha sido miembro de ESOMAR (asociaci\u00f3n de profesionales y empresas que se dedican a la investigaci\u00f3n de mercados) (2004-2012).<\/p>\n","protected":false},"excerpt":{"rendered":"<p>Licenciado en Administraci\u00f3n y Direcci\u00f3n de Empresas (ESADE). MBA en Administraci\u00f3n y Direcci\u00f3n de Empresas (ESADE). Es Socio-Director a nivel nacional de la Firma de consultor\u00eda Avantium Business Consulting. (2007-actualidad) Es miembro del Consejos de Administraci\u00f3n de varias peque\u00f1as y medianas empresas. Ha sido Socio-Director a nivel nacional de la divisi\u00f3n de consultor\u00eda de negocio [&hellip;]<\/p>\n","protected":false},"author":2,"featured_media":0,"parent":0,"menu_order":0,"comment_status":"closed","ping_status":"closed","template":"","meta":{"footnotes":""},"class_list":["post-2","page","type-page","status-publish","hentry"],"_links":{"self":[{"href":"https:\/\/alejandroylla.com\/index.php?rest_route=\/wp\/v2\/pages\/2","targetHints":{"allow":["GET"]}}],"collection":[{"href":"https:\/\/alejandroylla.com\/index.php?rest_route=\/wp\/v2\/pages"}],"about":[{"href":"https:\/\/alejandroylla.com\/index.php?rest_route=\/wp\/v2\/types\/page"}],"author":[{"embeddable":true,"href":"https:\/\/alejandroylla.com\/index.php?rest_route=\/wp\/v2\/users\/2"}],"replies":[{"embeddable":true,"href":"https:\/\/alejandroylla.com\/index.php?rest_route=%2Fwp%2Fv2%2Fcomments&post=2"}],"version-history":[{"count":20,"href":"https:\/\/alejandroylla.com\/index.php?rest_route=\/wp\/v2\/pages\/2\/revisions"}],"predecessor-version":[{"id":61,"href":"https:\/\/alejandroylla.com\/index.php?rest_route=\/wp\/v2\/pages\/2\/revisions\/61"}],"wp:attachment":[{"href":"https:\/\/alejandroylla.com\/index.php?rest_route=%2Fwp%2Fv2%2Fmedia&parent=2"}],"curies":[{"name":"wp","href":"https:\/\/api.w.org\/{rel}","templated":true}]}}