{"id":541,"date":"2025-01-03T14:37:53","date_gmt":"2025-01-03T12:37:53","guid":{"rendered":"https:\/\/alejandroylla.com\/?page_id=541"},"modified":"2025-01-03T15:39:24","modified_gmt":"2025-01-03T13:39:24","slug":"politica-de-privacidad","status":"publish","type":"page","link":"https:\/\/alejandroylla.com\/?page_id=541","title":{"rendered":"POL\u00cdTICA DE PRIVACIDAD"},"content":{"rendered":"\n<p>Alejandro Ylla (El Responsable) protege los datos personales con lo dispuesto en el Reglamento (UE) 2016\/679, de 27 de abril (GDPR), y la Ley Org\u00e1nica 3\/2018, de 5 de diciembre (LOPDGDD).<\/p>\n\n\n\n<p>Conforme a la normativa en vigor sobre tratamiento de datos, le informamos de los datos del Responsable de los datos:<\/p>\n\n\n\n<p>Denominaci\u00f3n social: Alejandro Ylla<\/p>\n\n\n\n<p>NIF: 46231566W<\/p>\n\n\n\n<p>Nombre de dominio: www.alejandroylla.com<\/p>\n\n\n\n<p>DATOS RECOGIDOS EN FORMULARIO DE CONTACTO<\/p>\n\n\n\n<figure class=\"wp-block-table\"><table class=\"has-fixed-layout\"><tbody><tr><td>Finalidad<\/td><td>Remitir al usuario informaci\u00f3n que puedan ser de su inter\u00e9s en la direcci\u00f3n proporcionada.<\/td><\/tr><tr><td>Legitimaci\u00f3n para el tratamiento<\/td><td>Consentimiento del usuario<\/td><\/tr><tr><td>Criterios de conservaci\u00f3n<\/td><td>Sus datos ser\u00e1n cancelados en el momento en que Ud. nos retire el consentimiento, se conservar\u00e1n durante el plazo de 3 a\u00f1os para responder de posibles reclamaciones y\/o en el momento en que solicite la supresi\u00f3n, despu\u00e9s de oponerse al tratamiento, ser\u00e1n destruidos.<\/td><\/tr><tr><td>Comunicaci\u00f3n de datos<\/td><td>No se ceder\u00e1n, salvo que la ley nos obligue o sea necesario para la operatividad del servicio<\/td><\/tr><tr><td>Derechos del usuario<\/td><td>Derechos de acceso, rectificaci\u00f3n, supresi\u00f3n, portabilidad y la limitaci\u00f3n u oposici\u00f3n a su tratamiento, as\u00ed como solicitar m\u00e1s informaci\u00f3n sobre el tratamiento de sus datos. Derecho a presentar una reclamaci\u00f3n ante la Agencia espa\u00f1ola de Protecci\u00f3n de Datos. &nbsp;<\/td><\/tr><tr><td>Datos de contacto para ejercer los derechos del usuario<\/td><td>info@alejandroylla.com &nbsp;<\/td><\/tr><\/tbody><\/table><\/figure>\n\n\n\n<p>DATOS RECOGIDOS EN FORMULARIO DE CONTACTO CON ACEPTACI\u00d3N DE RECIBIR COMUNICACIONES COMERCIALES<\/p>\n\n\n\n<figure class=\"wp-block-table\"><table class=\"has-fixed-layout\"><tbody><tr><td>Finalidad<\/td><td>Remitir al usuario informaci\u00f3n que puedan ser de su inter\u00e9s en la direcci\u00f3n proporcionada, as\u00ed como para gestionar la posible relaci\u00f3n comercial. &nbsp;<\/td><\/tr><tr><td>Legitimaci\u00f3n para el tratamiento<\/td><td>Consentimiento del usuario<\/td><\/tr><tr><td>Criterios de conservaci\u00f3n<\/td><td>Sus datos ser\u00e1n cancelados en el momento en que Ud. nos retire el consentimiento, se conservar\u00e1n durante el plazo de 3 a\u00f1os para responder de posibles reclamaciones y\/o en el momento en que solicite la supresi\u00f3n, despu\u00e9s de oponerse al tratamiento, ser\u00e1n destruidos.<\/td><\/tr><tr><td>Comunicaci\u00f3n de datos<\/td><td>No se ceder\u00e1n salvo que la ley nos obligue o sea necesario para la operatividad del servicio<\/td><\/tr><tr><td>Derechos del usuario<\/td><td>Derechos de acceso, rectificaci\u00f3n, supresi\u00f3n, portabilidad y la limitaci\u00f3n u oposici\u00f3n a su tratamiento, as\u00ed como solicitar m\u00e1s informaci\u00f3n sobre el tratamiento de sus datos. Derecho a presentar una reclamaci\u00f3n ante la Agencia espa\u00f1ola de Protecci\u00f3n de Datos. &nbsp;<\/td><\/tr><tr><td>Datos de contacto para ejercer los derechos del usuario<\/td><td>info@alejandroylla.com &nbsp;<\/td><\/tr><\/tbody><\/table><\/figure>\n\n\n\n<p>DATOS RECOGIDOS EN FORMULARIO DE SUSCRIPCION A NEWSLETTER<\/p>\n\n\n\n<figure class=\"wp-block-table\"><table class=\"has-fixed-layout\"><tbody><tr><td>Finalidad<\/td><td>Gesti\u00f3n newsletter<\/td><\/tr><tr><td>Legitimaci\u00f3n para el tratamiento<\/td><td>Consentimiento del usuario<\/td><\/tr><tr><td>Criterios de conservaci\u00f3n<\/td><td>Sus datos ser\u00e1n cancelados en el momento en que Ud. nos retire el consentimiento, se conservar\u00e1n durante el plazo de 3 a\u00f1os para responder de posibles reclamaciones y\/o en el momento en que solicite la supresi\u00f3n, despu\u00e9s de oponerse al tratamiento, ser\u00e1n destruidos.<\/td><\/tr><tr><td>Comunicaci\u00f3n de datos<\/td><td>No se ceder\u00e1n salvo que la ley nos obligue o sea necesario para la operatividad del servicio<\/td><\/tr><tr><td>Derechos del usuario<\/td><td>Derechos de acceso, rectificaci\u00f3n, supresi\u00f3n, portabilidad y la limitaci\u00f3n u oposici\u00f3n a su tratamiento, as\u00ed como solicitar m\u00e1s informaci\u00f3n sobre el tratamiento de sus datos. Derecho a presentar una reclamaci\u00f3n ante la Agencia espa\u00f1ola de Protecci\u00f3n de Datos. &nbsp;<\/td><\/tr><tr><td>Datos de contacto para ejercer los derechos del usuario<\/td><td>info@alejandroylla.com &nbsp;<\/td><\/tr><\/tbody><\/table><\/figure>\n\n\n\n<p><strong>No se realizan transferencias internacionales de datos.<\/strong><\/p>\n\n\n\n<p><strong>Menores de edad<\/strong><\/p>\n\n\n\n<p>Para el uso de los servicios, los menores de edad tienen que obtener siempre previamente el consentimiento de los padres, tutores o representantes legales, responsables \u00faltimos de todos los actos realizados por los menores a su cargo. Quien facilita los datos a trav\u00e9s de los formularios de esta web y acepta su tratamiento declara ser mayor de 14 a\u00f1os, quedando prohibido el acceso y uso del portal a menores de dicha edad.<\/p>\n\n\n\n<p><strong>Actualizaci\u00f3n de datos<\/strong><\/p>\n\n\n\n<p><br>El usuario garantiza que los datos personales facilitados son veraces garantizando que toda la informaci\u00f3n facilitada corresponde con la situaci\u00f3n real, que est\u00e1 actualizada y es exacta, quedando obligado a comunicar cualquier modificaci\u00f3n.<\/p>\n\n\n\n<p><strong>Datos de Terceros<\/strong><\/p>\n\n\n\n<p>Si el usuario facilita datos de terceras personas garantiza que ha obtenido estos datos de forma l\u00edcita, que ha informado previamente a los afectados, obteniendo su consentimiento para comunicarlos y que la informaci\u00f3n facilitada es exacta y veraz.<\/p>\n\n\n\n<p><strong>POL\u00cdTICA DE REDES SOCIALES<\/strong><\/p>\n\n\n\n<p><strong>1. INFORMACI\u00d3N AL USUARIO<\/strong><\/p>\n\n\n\n<p>\u00bfQui\u00e9n es el responsable del tratamiento de tus datos personales?<strong><\/strong><\/p>\n\n\n\n<p>Alejandro Ylla. en adelante, RESPONSABLE, informa al USUARIO de que ha procedido a crear un perfil en las Redes Sociales (X y LinkedIn, Youtube) que es el responsable del tratamiento de los datos personales del usuario que se lleve a cabo en dichas redes sociales y le informa de que estos datos ser\u00e1n tratados de conformidad con lo dispuesto en el Reglamento (UE) 2016\/679, de 27 de abril (GDPR), y la Ley Org\u00e1nica 3\/2018, de 5 de diciembre (LOPDGDD), por lo que se le facilita la siguiente informaci\u00f3n del tratamiento:<\/p>\n\n\n\n<p>\u00bfPara qu\u00e9 tratamos tus datos personales?<\/p>\n\n\n\n<p>Fin del tratamiento: mantener una relaci\u00f3n entre el USUARIO y el RESPONSABLE que puede incluir las siguientes operaciones:<\/p>\n\n\n\n<ul class=\"wp-block-list\">\n<li>Tramitar solicitudes y consultas planteadas al responsable<\/li>\n\n\n\n<li>Informar sobre actividades y eventos organizados por el responsable<\/li>\n\n\n\n<li>Informar sobre productos o servicios ofrecidos por el responsable<\/li>\n\n\n\n<li>Interactuar a trav\u00e9s de los perfiles oficiales<\/li>\n<\/ul>\n\n\n\n<p>\u00bfPor qu\u00e9 motivo podemos tratar tus datos personales?<\/p>\n\n\n\n<p>Base jur\u00eddica del tratamiento: art\u00edculo 6.1.a GDPR, el interesado ha dado su consentimiento para el tratamiento de sus datos personales para uno o varios fines espec\u00edficos. El USUARIO dispone de un perfil en la misma red social y ha decidido unirse a la red social del RESPONSABLE mostrando as\u00ed inter\u00e9s en la informaci\u00f3n que se publique en la misma, por tanto, en el momento de solicitar seguir nuestros perfiles oficiales, nos facilita su consentimiento para el tratamiento de aquellos datos personales publicados en su perfil.<\/p>\n\n\n\n<p>El USUARIO puede acceder en todo momento a las pol\u00edticas de privacidad de la propia red social, as\u00ed como configurar su perfil para garantizar su privacidad.<\/p>\n\n\n\n<p>El RESPONSABLE tiene acceso y trata aquella informaci\u00f3n p\u00fablica del USUARIO, en especial, su nombre de contacto. Estos datos solo son utilizados dentro de la propia red social y \u00fanicamente se incorporar\u00e1n a un fichero del RESPONSABLE cuando sea necesario para tramitar la petici\u00f3n del USUARIO.<\/p>\n\n\n\n<p>\u00bfDurante cu\u00e1nto tiempo guardaremos tus datos personales?<\/p>\n\n\n\n<p>Criterios de conservaci\u00f3n de los datos: se conservar\u00e1n mientras el USUARIO no revoque el consentimiento prestado tal y como se indica en esta pol\u00edtica de privacidad.<\/p>\n\n\n\n<p>\u00bfA qui\u00e9n facilitamos tus datos personales?<\/p>\n\n\n\n<p>Comunicaci\u00f3n de los datos: la informaci\u00f3n facilitada por el USUARIO a trav\u00e9s de las redes sociales del RESPONSABLE, incluidos sus datos personales, puede ser publicada, siempre en funci\u00f3n de los servicios que el USUARIO utilice, por lo que podr\u00e1 quedar a disposici\u00f3n p\u00fablica de otros terceros usuarios de las redes sociales. Desde el perfil de cada red social, el USUARIO puede configurar qu\u00e9 informaci\u00f3n quiere hacer p\u00fablica en cada caso, ver los permisos que se han concedido, eliminarlos o desactivarlos, como cualquier aplicaci\u00f3n de un tercero que ya no se desea utilizar.<\/p>\n\n\n\n<p>No est\u00e1 prevista ninguna comunicaci\u00f3n de datos personales a terceros fuera de la red social salvo, si fuese imprescindible para el desarrollo y ejecuci\u00f3n de las finalidades del tratamiento, a nuestros proveedores de servicios relacionados con comunicaciones, con los cuales el RESPONSABLE tiene suscritos los contratos de confidencialidad y de encargado de tratamiento exigidos por la normativa vigente de privacidad.<\/p>\n\n\n\n<p>\u00bfCu\u00e1les son tus derechos?<\/p>\n\n\n\n<p>Derechos que asisten al USUARIO: solo podr\u00e1n satisfacerse en relaci\u00f3n a aquella informaci\u00f3n que se encuentre bajo el control del RESPONSABLE.<\/p>\n\n\n\n<ul class=\"wp-block-list\">\n<li>Derecho a retirar el consentimiento en cualquier momento<\/li>\n\n\n\n<li>Derecho de acceso, rectificaci\u00f3n, portabilidad y supresi\u00f3n de sus datos, y de limitaci\u00f3n u oposici\u00f3n a su tratamiento<\/li>\n\n\n\n<li>Derecho a presentar una reclamaci\u00f3n ante la autoridad de control (www.aepd.es) si considera que el tratamiento no se ajusta a la normativa vigente<\/li>\n<\/ul>\n\n\n\n<p>Datos de contacto para ejercer sus derechos:<\/p>\n\n\n\n<p>Denominaci\u00f3n social: Alejandro Ylla<\/p>\n\n\n\n<p>NIF: 46231566W<\/p>\n\n\n\n<p>Direcci\u00f3n: Balmes, 191 2\u00ba4\u00aa 08006 BARCELONA.<\/p>\n\n\n\n<p>E-mail: info@alejandroylla.com<\/p>\n\n\n\n<p><br><strong>2. UTILIZACI\u00d3N DEL PERFIL<\/strong><\/p>\n\n\n\n<p>El RESPONSABLErealizar\u00e1 las siguientes actuaciones:<\/p>\n\n\n\n<ul class=\"wp-block-list\">\n<li>Acceso a la informaci\u00f3n p\u00fablica del perfil<\/li>\n\n\n\n<li>Publicaci\u00f3n en el perfil del USUARIO de toda aquella informaci\u00f3n ya publicada en la red social del RESPONSABLE<\/li>\n\n\n\n<li>Enviar mensajes personales e individuales a trav\u00e9s de los canales de la red social<\/li>\n\n\n\n<li>Actualizaciones del estado de la p\u00e1gina que se publicar\u00e1n en el perfil del USUARIO<\/li>\n<\/ul>\n\n\n\n<p>El USUARIO siempre puede controlar sus conexiones, eliminar los contenidos que dejen de interesarle y restringir con qui\u00e9n comparte sus conexiones; para ello deber\u00e1 acceder a su configuraci\u00f3n de privacidad.<\/p>\n\n\n\n<p><br><strong>3. PUBLICACIONES<\/strong><\/p>\n\n\n\n<p>El USUARIO, una vez sea seguidor o se haya unido a la red social del RESPONSABLE, podr\u00e1 publicar en \u00e9sta comentarios, enlaces, im\u00e1genes, fotograf\u00edas o cualquier otro tipo de contenido multimedia soportado por la misma. El USUARIO, en todos los casos, debe ser el titular del contenido publicado, gozar de los derechos de autor y de propiedad intelectual o contar con el consentimiento de los terceros afectados.<\/p>\n\n\n\n<p>Se proh\u00edbe expresamente cualquier publicaci\u00f3n en la red social, ya sean textos, gr\u00e1ficos, fotograf\u00edas, v\u00eddeos, etc. que atenten o sean susceptibles de atentar contra la moral, la \u00e9tica, el buen gusto o el decoro, y\/o que infrinjan, violen o quebranten los derechos de propiedad intelectual o industrial, el derecho a la imagen o la Ley.<\/p>\n\n\n\n<p>En estos casos, el RESPONSABLE se reserva el derecho a retirar de inmediato el contenido, sin comunicaci\u00f3n previa, pudiendo solicitar el bloqueo permanente del USUARIO.<\/p>\n\n\n\n<p>El RESPONSABLE no se har\u00e1 responsable de los contenidos que libremente ha publicado un USUARIO.<\/p>\n\n\n\n<p>El USUARIO debe tener presente que sus publicaciones ser\u00e1n conocidas por otros usuarios, por lo que \u00e9l mismo es el principal responsable de su privacidad.<\/p>\n\n\n\n<p>Las im\u00e1genes que puedan publicarse en la red social no ser\u00e1n almacenadas en ning\u00fan fichero por parte del RESPONSABLE, pero s\u00ed que permanecer\u00e1n en la red social.<\/p>\n\n\n\n<p><br><strong>4. DATOS DE MENORES DE EDAD O PERSONAS CON CAPACIDADES ESPECIALES<\/strong><\/p>\n\n\n\n<p>El acceso y registro a trav\u00e9s de las redes sociales del RESPONSABLE est\u00e1 prohibido a menores de 14 a\u00f1os. Por su parte, si el USUARIO tiene capacidades especiales, ser\u00e1 necesaria la intervenci\u00f3n del titular de su patria potestad o tutela, o de su representante legal mediante documento v\u00e1lido que acredite la representaci\u00f3n.<\/p>\n\n\n\n<p>El RESPONSABLE quedar\u00e1 expresamente exonerado de cualquier responsabilidad que pudiera derivarse del uso de las redes sociales por parte de menores o personas con capacidades especiales. Las redes sociales del RESPONSABLE no recogen conscientemente ninguna informaci\u00f3n personal de menores de edad, por ello, si el USUARIO es menor de edad, no debe registrarse, ni utilizar las redes sociales del RESPONSABLEni tampoco proporcionar ninguna informaci\u00f3n personal.<\/p>\n","protected":false},"excerpt":{"rendered":"<p>Alejandro Ylla (El Responsable) protege los datos personales con lo dispuesto en el Reglamento (UE) 2016\/679, de 27 de abril (GDPR), y la Ley Org\u00e1nica 3\/2018, de 5 de diciembre (LOPDGDD). Conforme a la normativa en vigor sobre tratamiento de datos, le informamos de los datos del Responsable de los datos: Denominaci\u00f3n social: Alejandro Ylla [&hellip;]<\/p>\n","protected":false},"author":2,"featured_media":0,"parent":0,"menu_order":0,"comment_status":"closed","ping_status":"closed","template":"","meta":{"footnotes":""},"class_list":["post-541","page","type-page","status-publish","hentry"],"_links":{"self":[{"href":"https:\/\/alejandroylla.com\/index.php?rest_route=\/wp\/v2\/pages\/541","targetHints":{"allow":["GET"]}}],"collection":[{"href":"https:\/\/alejandroylla.com\/index.php?rest_route=\/wp\/v2\/pages"}],"about":[{"href":"https:\/\/alejandroylla.com\/index.php?rest_route=\/wp\/v2\/types\/page"}],"author":[{"embeddable":true,"href":"https:\/\/alejandroylla.com\/index.php?rest_route=\/wp\/v2\/users\/2"}],"replies":[{"embeddable":true,"href":"https:\/\/alejandroylla.com\/index.php?rest_route=%2Fwp%2Fv2%2Fcomments&post=541"}],"version-history":[{"count":3,"href":"https:\/\/alejandroylla.com\/index.php?rest_route=\/wp\/v2\/pages\/541\/revisions"}],"predecessor-version":[{"id":557,"href":"https:\/\/alejandroylla.com\/index.php?rest_route=\/wp\/v2\/pages\/541\/revisions\/557"}],"wp:attachment":[{"href":"https:\/\/alejandroylla.com\/index.php?rest_route=%2Fwp%2Fv2%2Fmedia&parent=541"}],"curies":[{"name":"wp","href":"https:\/\/api.w.org\/{rel}","templated":true}]}}